{"id":76349,"date":"2021-01-27T20:47:13","date_gmt":"2021-01-27T19:47:13","guid":{"rendered":"http:\/\/belship.com\/?post_type=product&#038;p=76349"},"modified":"2026-03-30T03:17:30","modified_gmt":"2026-03-30T01:17:30","slug":"kikker-polyamide","status":"publish","type":"product","link":"https:\/\/belship.com\/en\/product\/kikker-polyamide\/","title":{"rendered":"FROG POLYAMIDE"},"content":{"rendered":"<table style=\"height: 404px;\" width=\"537\" aria-describedby=\"DataTables_Table_0_info\">\n<tbody>\n<tr>\n<td width=\"46\">Code<\/td>\n<td width=\"89\">Title<\/td>\n<td width=\"50\">A<\/td>\n<td width=\"47\">C<\/td>\n<td width=\"45\">D<\/td>\n<td width=\"50\">E<\/td>\n<\/tr>\n<tr>\n<td width=\"46\">43377<\/td>\n<td width=\"89\">60x19mm, White<\/td>\n<td width=\"50\">60mm<\/td>\n<td width=\"47\">9mm<\/td>\n<td width=\"45\">19mm<\/td>\n<td width=\"50\">\u00d83mm<\/td>\n<\/tr>\n<tr>\n<td width=\"46\">43378<\/td>\n<td width=\"89\">60X19mm, Black<\/td>\n<td width=\"50\">60mm<\/td>\n<td width=\"47\">9mm<\/td>\n<td width=\"45\">19mm<\/td>\n<td width=\"50\">\u00d83mm<\/td>\n<\/tr>\n<tr>\n<td width=\"46\">43380<\/td>\n<td width=\"89\">80X22mm, White<\/td>\n<td width=\"50\">80mm<\/td>\n<td width=\"47\">9mm<\/td>\n<td width=\"45\">21mm<\/td>\n<td width=\"50\">\u00d84mm<\/td>\n<\/tr>\n<tr>\n<td width=\"46\">43381<\/td>\n<td width=\"89\">80X22mm, Black<\/td>\n<td width=\"50\">80mm<\/td>\n<td width=\"47\">9mm<\/td>\n<td width=\"45\">21mm<\/td>\n<td width=\"50\">\u00d84mm<\/td>\n<\/tr>\n<tr>\n<td width=\"46\">43383<\/td>\n<td width=\"89\">110X28mm, White<\/td>\n<td width=\"50\">107.5mm<\/td>\n<td width=\"47\">16mm<\/td>\n<td width=\"45\">29mm<\/td>\n<td width=\"50\">\u00d85mm<\/td>\n<\/tr>\n<tr>\n<td width=\"46\">43384<\/td>\n<td width=\"89\">110X28mm, Black<\/td>\n<td width=\"50\">107.5mm<\/td>\n<td width=\"47\">16mm<\/td>\n<td width=\"45\">29mm<\/td>\n<td width=\"50\">\u00d85mm<\/td>\n<\/tr>\n<tr>\n<td width=\"46\">43386<\/td>\n<td width=\"89\">145X35mm, White<\/td>\n<td width=\"50\">142mm<\/td>\n<td width=\"47\">20mm<\/td>\n<td width=\"45\">34mm<\/td>\n<td width=\"50\">\u00d86mm<\/td>\n<\/tr>\n<tr>\n<td width=\"46\">43387<\/td>\n<td width=\"89\">145X35mm, Black<\/td>\n<td width=\"50\">142mm<\/td>\n<td width=\"47\">20mm<\/td>\n<td width=\"45\">34mm<\/td>\n<td width=\"50\">\u00d86mm<\/td>\n<\/tr>\n<tr>\n<td width=\"46\">43389<\/td>\n<td width=\"89\">180X45mm, White<\/td>\n<td width=\"50\">176mm<\/td>\n<td width=\"47\">23.5mm<\/td>\n<td width=\"45\">43mm<\/td>\n<td width=\"50\">\u00d87mm<\/td>\n<\/tr>\n<tr>\n<td width=\"46\">43390<\/td>\n<td width=\"89\">180X45mm, Black<\/td>\n<td width=\"50\">176mm<\/td>\n<td width=\"47\">23.5mm<\/td>\n<td width=\"45\">43mm<\/td>\n<td width=\"50\">\u00d87mm<\/td>\n<\/tr>\n<tr>\n<td width=\"46\">43392<\/td>\n<td width=\"89\">220X52mm, White<\/td>\n<td width=\"50\">209mm<\/td>\n<td width=\"47\">29mm<\/td>\n<td width=\"45\">54mm<\/td>\n<td width=\"50\">\u00d88.5mm<\/td>\n<\/tr>\n<tr>\n<td width=\"46\">43393<\/td>\n<td width=\"89\">220X52mm, Black<\/td>\n<td width=\"50\">209mm<\/td>\n<td width=\"47\">29mm<\/td>\n<td width=\"45\">54mm<\/td>\n<td width=\"50\">\u00d88.5mm<\/td>\n<\/tr>\n<\/tbody>\n<\/table>","protected":false},"excerpt":{"rendered":"<p>Code Title A C D E 43377 60x19mm, White 60mm 9mm 19mm \u00d83mm 43378 60X19mm, Black 60mm 9mm 19mm \u00d83mm 43380 80X22mm, White 80mm 9mm 21mm \u00d84mm 43381 80X22mm, Black 80mm 9mm 21mm \u00d84mm 43383 110X28mm, White 107.5mm 16mm 29mm \u00d85mm 43384 110X28mm, Black 107.5mm 16mm 29mm \u00d85mm 43386 145X35mm, White 142mm 20mm 34mm \u00d86mm [...]<\/p>","protected":false},"featured_media":85018,"template":"","meta":{"inline_featured_image":false},"product_cat":[2924,1129],"product_tag":[],"class_list":{"0":"post-76349","1":"product","2":"type-product","3":"status-publish","4":"has-post-thumbnail","6":"product_cat-bolders-kikkers","7":"product_cat-kikkers","8":"yith_product_brand-nuova-rade","10":"first","11":"onbackorder","12":"taxable","13":"shipping-taxable","14":"purchasable","15":"product-type-variable"},"_links":{"self":[{"href":"https:\/\/belship.com\/en\/wp-json\/wp\/v2\/product\/76349","targetHints":{"allow":["GET"]}}],"collection":[{"href":"https:\/\/belship.com\/en\/wp-json\/wp\/v2\/product"}],"about":[{"href":"https:\/\/belship.com\/en\/wp-json\/wp\/v2\/types\/product"}],"wp:featuredmedia":[{"embeddable":true,"href":"https:\/\/belship.com\/en\/wp-json\/wp\/v2\/media\/85018"}],"wp:attachment":[{"href":"https:\/\/belship.com\/en\/wp-json\/wp\/v2\/media?parent=76349"}],"wp:term":[{"taxonomy":"product_cat","embeddable":true,"href":"https:\/\/belship.com\/en\/wp-json\/wp\/v2\/product_cat?post=76349"},{"taxonomy":"product_tag","embeddable":true,"href":"https:\/\/belship.com\/en\/wp-json\/wp\/v2\/product_tag?post=76349"}],"curies":[{"name":"wp","href":"https:\/\/api.w.org\/{rel}","templated":true}]}}