{"id":76806,"date":"2024-04-25T02:17:34","date_gmt":"2024-04-25T00:17:34","guid":{"rendered":"http:\/\/belship.com\/product\/cob-led-3000k-ip20-24w-10w\/"},"modified":"2026-03-02T21:17:50","modified_gmt":"2025-05-20T05:56:59","slug":"cob-led-3000k-ip20-24w-10w","status":"publish","type":"product","link":"https:\/\/belship.com\/nl\/product\/cob-led-3000k-ip20-24w-10w\/","title":{"rendered":"COB LED 3000K IP20 24W\/10W"},"content":{"rendered":"<p>COB LED 3000K IP20 24W\/10W<\/p>\n","protected":false},"excerpt":{"rendered":"<p>SA-F0603A189SA-W-24-COBCES IP20\u00ca\u00ca\u00ca\u00ca\u00ca\u00ca\u00ca\u00ca\u00ca<\/p>\n","protected":false},"featured_media":97693,"template":"","meta":{"inline_featured_image":false},"product_cat":[2723],"product_tag":[],"class_list":{"0":"post-76806","1":"product","2":"type-product","3":"status-publish","4":"has-post-thumbnail","6":"product_cat-lineaire-verlichting","8":"first","9":"instock","10":"taxable","11":"shipping-taxable","12":"purchasable","13":"product-type-simple"},"_links":{"self":[{"href":"https:\/\/belship.com\/nl\/wp-json\/wp\/v2\/product\/76806","targetHints":{"allow":["GET"]}}],"collection":[{"href":"https:\/\/belship.com\/nl\/wp-json\/wp\/v2\/product"}],"about":[{"href":"https:\/\/belship.com\/nl\/wp-json\/wp\/v2\/types\/product"}],"wp:featuredmedia":[{"embeddable":true,"href":"https:\/\/belship.com\/nl\/wp-json\/wp\/v2\/media\/97693"}],"wp:attachment":[{"href":"https:\/\/belship.com\/nl\/wp-json\/wp\/v2\/media?parent=76806"}],"wp:term":[{"taxonomy":"product_cat","embeddable":true,"href":"https:\/\/belship.com\/nl\/wp-json\/wp\/v2\/product_cat?post=76806"},{"taxonomy":"product_tag","embeddable":true,"href":"https:\/\/belship.com\/nl\/wp-json\/wp\/v2\/product_tag?post=76806"}],"curies":[{"name":"wp","href":"https:\/\/api.w.org\/{rel}","templated":true}]}}